{"id":288,"date":"2026-03-09T18:28:58","date_gmt":"2026-03-09T18:28:58","guid":{"rendered":"https:\/\/terciolegal.com\/?page_id=288"},"modified":"2026-03-10T11:06:35","modified_gmt":"2026-03-10T11:06:35","slug":"extranjeria","status":"publish","type":"page","link":"https:\/\/terciolegal.com\/?page_id=288","title":{"rendered":"extranjeria"},"content":{"rendered":"\t\t<div data-elementor-type=\"wp-page\" data-elementor-id=\"288\" class=\"elementor elementor-288\">\n\t\t\t\t\t\t<section class=\"elementor-section elementor-top-section elementor-element elementor-element-e455c4c elementor-section-boxed elementor-section-height-default elementor-section-height-default\" data-id=\"e455c4c\" data-element_type=\"section\" data-e-type=\"section\">\n\t\t\t\t\t\t<div class=\"elementor-container elementor-column-gap-default\">\n\t\t\t\t\t<div class=\"elementor-column elementor-col-100 elementor-top-column elementor-element elementor-element-2d650fc\" data-id=\"2d650fc\" data-element_type=\"column\" data-e-type=\"column\">\n\t\t\t<div class=\"elementor-widget-wrap elementor-element-populated\">\n\t\t\t\t\t\t<div class=\"elementor-element elementor-element-2e9d671 elementor-widget elementor-widget-heading\" data-id=\"2e9d671\" data-element_type=\"widget\" data-e-type=\"widget\" data-widget_type=\"heading.default\">\n\t\t\t\t<div class=\"elementor-widget-container\">\n\t\t\t\t\t<h2 class=\"elementor-heading-title elementor-size-default\">Abogado Extranjer\u00eda<\/h2>\t\t\t\t<\/div>\n\t\t\t\t<\/div>\n\t\t\t\t\t<\/div>\n\t\t<\/div>\n\t\t\t\t\t<\/div>\n\t\t<\/section>\n\t\t\t\t<section class=\"elementor-section elementor-top-section elementor-element elementor-element-02195fd elementor-section-boxed elementor-section-height-default elementor-section-height-default\" data-id=\"02195fd\" data-element_type=\"section\" data-e-type=\"section\">\n\t\t\t\t\t\t<div class=\"elementor-container elementor-column-gap-default\">\n\t\t\t\t\t<div class=\"elementor-column elementor-col-50 elementor-top-column elementor-element elementor-element-1edbaf9\" data-id=\"1edbaf9\" data-element_type=\"column\" data-e-type=\"column\">\n\t\t\t<div class=\"elementor-widget-wrap elementor-element-populated\">\n\t\t\t\t\t\t<div class=\"elementor-element elementor-element-216d4fb elementor-widget elementor-widget-text-editor\" data-id=\"216d4fb\" data-element_type=\"widget\" data-e-type=\"widget\" data-widget_type=\"text-editor.default\">\n\t\t\t\t<div class=\"elementor-widget-container\">\n\t\t\t\t\t\t\t\t\t<p>\u00a0<\/p><p>\u00a0<\/p><p><span class=\"\">En\u00a0<\/span><strong>Tercio Legal<\/strong><span class=\"\">\u00a0ofrecemos servicios especializados en\u00a0<\/span><strong>derecho de extranjer\u00eda<\/strong>, acompa\u00f1ando a nuestros clientes en todos los tr\u00e1mites legales relacionados con la residencia, permisos de trabajo y nacionalidad.\u00a0 Garantizamos siempre un servicio cercano, profesional y eficaz.<\/p>\t\t\t\t\t\t\t\t<\/div>\n\t\t\t\t<\/div>\n\t\t\t\t\t<\/div>\n\t\t<\/div>\n\t\t\t\t<div class=\"elementor-column elementor-col-50 elementor-top-column elementor-element elementor-element-e970f46\" data-id=\"e970f46\" data-element_type=\"column\" data-e-type=\"column\">\n\t\t\t<div class=\"elementor-widget-wrap elementor-element-populated\">\n\t\t\t\t\t\t<div class=\"elementor-element elementor-element-f73bd51 elementor-widget elementor-widget-text-editor\" data-id=\"f73bd51\" data-element_type=\"widget\" data-e-type=\"widget\" data-widget_type=\"text-editor.default\">\n\t\t\t\t<div class=\"elementor-widget-container\">\n\t\t\t\t\t\t\t\t\t<h4 class=\"size-16 t-size-16 m-size-16\"><span class=\"font-size-16 t-font-size-16 m-font-size-16\">Tr\u00e1mites de residencia y permisos de trabajo<\/span><\/h4><p>Gestionamos\u00a0<strong>solicitudes de residencia, renovaciones y permisos de trabajo<\/strong>, asegurando que todos los procedimientos cumplan con la normativa vigente y se presenten correctamente ante las autoridades competentes.<\/p><h4 class=\"size-16 t-size-16 m-size-16\"><span class=\"font-size-16 t-font-size-16 m-font-size-16\">Nacionalidad, visados y recursos administrativos<\/span><\/h4><p>Adem\u00e1s, asesoramos en <strong>obtenci\u00f3n de nacionalidad, visados y presentaci\u00f3n de recursos administrativos<\/strong>, protegiendo tus derechos y facilitando la correcta resoluci\u00f3n de cada caso.<\/p>\t\t\t\t\t\t\t\t<\/div>\n\t\t\t\t<\/div>\n\t\t\t\t\t<\/div>\n\t\t<\/div>\n\t\t\t\t\t<\/div>\n\t\t<\/section>\n\t\t\t\t<section class=\"elementor-section elementor-top-section elementor-element elementor-element-2be9158 elementor-section-boxed elementor-section-height-default elementor-section-height-default\" data-id=\"2be9158\" data-element_type=\"section\" data-e-type=\"section\">\n\t\t\t\t\t\t<div class=\"elementor-container elementor-column-gap-default\">\n\t\t\t\t\t<div class=\"elementor-column elementor-col-100 elementor-top-column elementor-element elementor-element-650a362\" data-id=\"650a362\" data-element_type=\"column\" data-e-type=\"column\">\n\t\t\t<div class=\"elementor-widget-wrap elementor-element-populated\">\n\t\t\t\t\t\t<div class=\"elementor-element elementor-element-8da7fff elementor-widget elementor-widget-image\" data-id=\"8da7fff\" data-element_type=\"widget\" data-e-type=\"widget\" data-widget_type=\"image.default\">\n\t\t\t\t<div class=\"elementor-widget-container\">\n\t\t\t\t\t\t\t\t\t\t\t\t\t\t\t<img fetchpriority=\"high\" decoding=\"async\" width=\"1024\" height=\"176\" src=\"https:\/\/terciolegal.com\/wp-content\/uploads\/2026\/03\/Direccion-1024x176.png\" class=\"attachment-large size-large wp-image-679\" alt=\"\" srcset=\"https:\/\/terciolegal.com\/wp-content\/uploads\/2026\/03\/Direccion-1024x176.png 1024w, https:\/\/terciolegal.com\/wp-content\/uploads\/2026\/03\/Direccion-300x52.png 300w, https:\/\/terciolegal.com\/wp-content\/uploads\/2026\/03\/Direccion-768x132.png 768w, https:\/\/terciolegal.com\/wp-content\/uploads\/2026\/03\/Direccion.png 1333w\" sizes=\"(max-width: 1024px) 100vw, 1024px\" \/>\t\t\t\t\t\t\t\t\t\t\t\t\t\t\t<\/div>\n\t\t\t\t<\/div>\n\t\t\t\t\t<\/div>\n\t\t<\/div>\n\t\t\t\t\t<\/div>\n\t\t<\/section>\n\t\t\t\t<\/div>\n\t\t","protected":false},"excerpt":{"rendered":"<p>Abogado Extranjer\u00eda \u00a0 \u00a0 En\u00a0Tercio Legal\u00a0ofrecemos servicios especializados en\u00a0derecho de extranjer\u00eda, acompa\u00f1ando a nuestros clientes en todos los tr\u00e1mites legales relacionados con la residencia, permisos de trabajo y nacionalidad.\u00a0 Garantizamos siempre un servicio cercano, profesional y eficaz. Tr\u00e1mites de residencia y permisos de trabajo Gestionamos\u00a0solicitudes de residencia, renovaciones y permisos de trabajo, asegurando que todos [&hellip;]<\/p>\n","protected":false},"author":1,"featured_media":0,"parent":0,"menu_order":0,"comment_status":"closed","ping_status":"closed","template":"","meta":{"footnotes":""},"class_list":["post-288","page","type-page","status-publish","hentry"],"_links":{"self":[{"href":"https:\/\/terciolegal.com\/index.php?rest_route=\/wp\/v2\/pages\/288","targetHints":{"allow":["GET"]}}],"collection":[{"href":"https:\/\/terciolegal.com\/index.php?rest_route=\/wp\/v2\/pages"}],"about":[{"href":"https:\/\/terciolegal.com\/index.php?rest_route=\/wp\/v2\/types\/page"}],"author":[{"embeddable":true,"href":"https:\/\/terciolegal.com\/index.php?rest_route=\/wp\/v2\/users\/1"}],"replies":[{"embeddable":true,"href":"https:\/\/terciolegal.com\/index.php?rest_route=%2Fwp%2Fv2%2Fcomments&post=288"}],"version-history":[{"count":0,"href":"https:\/\/terciolegal.com\/index.php?rest_route=\/wp\/v2\/pages\/288\/revisions"}],"wp:attachment":[{"href":"https:\/\/terciolegal.com\/index.php?rest_route=%2Fwp%2Fv2%2Fmedia&parent=288"}],"curies":[{"name":"wp","href":"https:\/\/api.w.org\/{rel}","templated":true}]}}