{"id":289,"date":"2026-03-09T18:28:58","date_gmt":"2026-03-09T18:28:58","guid":{"rendered":"https:\/\/terciolegal.com\/?page_id=289"},"modified":"2026-03-10T11:02:36","modified_gmt":"2026-03-10T11:02:36","slug":"asesoria","status":"publish","type":"page","link":"https:\/\/terciolegal.com\/?page_id=289","title":{"rendered":"asesoria"},"content":{"rendered":"\t\t<div data-elementor-type=\"wp-page\" data-elementor-id=\"289\" class=\"elementor elementor-289\">\n\t\t\t\t\t\t<section class=\"elementor-section elementor-top-section elementor-element elementor-element-1767077 elementor-section-boxed elementor-section-height-default elementor-section-height-default\" data-id=\"1767077\" data-element_type=\"section\" data-e-type=\"section\">\n\t\t\t\t\t\t<div class=\"elementor-container elementor-column-gap-default\">\n\t\t\t\t\t<div class=\"elementor-column elementor-col-100 elementor-top-column elementor-element elementor-element-bccd0ff\" data-id=\"bccd0ff\" data-element_type=\"column\" data-e-type=\"column\">\n\t\t\t<div class=\"elementor-widget-wrap elementor-element-populated\">\n\t\t\t\t\t\t<div class=\"elementor-element elementor-element-8fb9670 elementor-widget elementor-widget-heading\" data-id=\"8fb9670\" data-element_type=\"widget\" data-e-type=\"widget\" data-widget_type=\"heading.default\">\n\t\t\t\t<div class=\"elementor-widget-container\">\n\t\t\t\t\t<h2 class=\"elementor-heading-title elementor-size-default\">Asesor\u00eda y servicios para empresas<\/h2>\t\t\t\t<\/div>\n\t\t\t\t<\/div>\n\t\t\t\t\t<\/div>\n\t\t<\/div>\n\t\t\t\t\t<\/div>\n\t\t<\/section>\n\t\t\t\t<section class=\"elementor-section elementor-top-section elementor-element elementor-element-d4da216 elementor-section-boxed elementor-section-height-default elementor-section-height-default\" data-id=\"d4da216\" data-element_type=\"section\" data-e-type=\"section\">\n\t\t\t\t\t\t<div class=\"elementor-container elementor-column-gap-default\">\n\t\t\t\t\t<div class=\"elementor-column elementor-col-50 elementor-top-column elementor-element elementor-element-9501815\" data-id=\"9501815\" data-element_type=\"column\" data-e-type=\"column\">\n\t\t\t<div class=\"elementor-widget-wrap elementor-element-populated\">\n\t\t\t\t\t\t<div class=\"elementor-element elementor-element-1811564 elementor-widget elementor-widget-text-editor\" data-id=\"1811564\" data-element_type=\"widget\" data-e-type=\"widget\" data-widget_type=\"text-editor.default\">\n\t\t\t\t<div class=\"elementor-widget-container\">\n\t\t\t\t\t\t\t\t\t<p>\u00a0<\/p><p>\u00a0<\/p><p><span class=\"\">En\u00a0<\/span><strong>Tercio Legal<\/strong><span class=\"\">\u00a0ofrecemos\u00a0<\/span><strong>servicios de asesor\u00eda integral para empresas<\/strong>\u00a0<span class=\"\">residentes\u00a0<\/span>en Espa\u00f1a, ayudando a emprendedores, pymes y aut\u00f3nomos a gestionar contabilidad, n\u00f3minas, impuestos y obligaciones fiscales de manera eficiente y segura.<\/p>\t\t\t\t\t\t\t\t<\/div>\n\t\t\t\t<\/div>\n\t\t\t\t\t<\/div>\n\t\t<\/div>\n\t\t\t\t<div class=\"elementor-column elementor-col-50 elementor-top-column elementor-element elementor-element-fc870e7\" data-id=\"fc870e7\" data-element_type=\"column\" data-e-type=\"column\">\n\t\t\t<div class=\"elementor-widget-wrap elementor-element-populated\">\n\t\t\t\t\t\t<div class=\"elementor-element elementor-element-b71198a elementor-widget elementor-widget-text-editor\" data-id=\"b71198a\" data-element_type=\"widget\" data-e-type=\"widget\" data-widget_type=\"text-editor.default\">\n\t\t\t\t<div class=\"elementor-widget-container\">\n\t\t\t\t\t\t\t\t\t<h4 class=\"size-16 t-size-16 m-size-16\"><span class=\"font-size-16 t-font-size-16 m-font-size-16\">Contabilidad, n\u00f3minas y obligaciones fiscales<\/span><\/h4><p>Nuestro equipo se encarga de la\u00a0<strong>gesti\u00f3n contable, elaboraci\u00f3n de n\u00f3minas y liquidaci\u00f3n de impuestos<\/strong>, asegurando cumplimiento normativo y optimizaci\u00f3n de recursos para tu empresa.<\/p><h4 class=\"size-16 t-size-16 m-size-16\"><span class=\"font-size-16 t-font-size-16 m-font-size-16\">Asesoramiento empresarial y planificaci\u00f3n estrat\u00e9gica<\/span><\/h4><p>Adem\u00e1s, brindamos\u00a0<strong>asesor\u00eda integral para la toma de decisiones empresariales<\/strong>, ofreciendo orientaci\u00f3n sobre estructura societaria, gesti\u00f3n de riesgos y planificaci\u00f3n fiscal. Nuestra meta es que tu empresa crezca con seguridad y cumpliendo todas las obligaciones legales.<\/p>\t\t\t\t\t\t\t\t<\/div>\n\t\t\t\t<\/div>\n\t\t\t\t\t<\/div>\n\t\t<\/div>\n\t\t\t\t\t<\/div>\n\t\t<\/section>\n\t\t\t\t<section class=\"elementor-section elementor-top-section elementor-element elementor-element-1936eee elementor-section-boxed elementor-section-height-default elementor-section-height-default\" data-id=\"1936eee\" data-element_type=\"section\" data-e-type=\"section\">\n\t\t\t\t\t\t<div class=\"elementor-container elementor-column-gap-default\">\n\t\t\t\t\t<div class=\"elementor-column elementor-col-100 elementor-top-column elementor-element elementor-element-3728e97\" data-id=\"3728e97\" data-element_type=\"column\" data-e-type=\"column\">\n\t\t\t<div class=\"elementor-widget-wrap elementor-element-populated\">\n\t\t\t\t\t\t<div class=\"elementor-element elementor-element-4d07ea6 elementor-widget elementor-widget-image\" data-id=\"4d07ea6\" data-element_type=\"widget\" data-e-type=\"widget\" data-widget_type=\"image.default\">\n\t\t\t\t<div class=\"elementor-widget-container\">\n\t\t\t\t\t\t\t\t\t\t\t\t\t\t\t<img fetchpriority=\"high\" decoding=\"async\" width=\"1024\" height=\"176\" src=\"https:\/\/terciolegal.com\/wp-content\/uploads\/2026\/03\/Direccion-1024x176.png\" class=\"attachment-large size-large wp-image-679\" alt=\"\" srcset=\"https:\/\/terciolegal.com\/wp-content\/uploads\/2026\/03\/Direccion-1024x176.png 1024w, https:\/\/terciolegal.com\/wp-content\/uploads\/2026\/03\/Direccion-300x52.png 300w, https:\/\/terciolegal.com\/wp-content\/uploads\/2026\/03\/Direccion-768x132.png 768w, https:\/\/terciolegal.com\/wp-content\/uploads\/2026\/03\/Direccion.png 1333w\" sizes=\"(max-width: 1024px) 100vw, 1024px\" \/>\t\t\t\t\t\t\t\t\t\t\t\t\t\t\t<\/div>\n\t\t\t\t<\/div>\n\t\t\t\t\t<\/div>\n\t\t<\/div>\n\t\t\t\t\t<\/div>\n\t\t<\/section>\n\t\t\t\t<\/div>\n\t\t","protected":false},"excerpt":{"rendered":"<p>Asesor\u00eda y servicios para empresas \u00a0 \u00a0 En\u00a0Tercio Legal\u00a0ofrecemos\u00a0servicios de asesor\u00eda integral para empresas\u00a0residentes\u00a0en Espa\u00f1a, ayudando a emprendedores, pymes y aut\u00f3nomos a gestionar contabilidad, n\u00f3minas, impuestos y obligaciones fiscales de manera eficiente y segura. Contabilidad, n\u00f3minas y obligaciones fiscales Nuestro equipo se encarga de la\u00a0gesti\u00f3n contable, elaboraci\u00f3n de n\u00f3minas y liquidaci\u00f3n de impuestos, asegurando cumplimiento [&hellip;]<\/p>\n","protected":false},"author":1,"featured_media":0,"parent":0,"menu_order":0,"comment_status":"closed","ping_status":"closed","template":"","meta":{"footnotes":""},"class_list":["post-289","page","type-page","status-publish","hentry"],"_links":{"self":[{"href":"https:\/\/terciolegal.com\/index.php?rest_route=\/wp\/v2\/pages\/289","targetHints":{"allow":["GET"]}}],"collection":[{"href":"https:\/\/terciolegal.com\/index.php?rest_route=\/wp\/v2\/pages"}],"about":[{"href":"https:\/\/terciolegal.com\/index.php?rest_route=\/wp\/v2\/types\/page"}],"author":[{"embeddable":true,"href":"https:\/\/terciolegal.com\/index.php?rest_route=\/wp\/v2\/users\/1"}],"replies":[{"embeddable":true,"href":"https:\/\/terciolegal.com\/index.php?rest_route=%2Fwp%2Fv2%2Fcomments&post=289"}],"version-history":[{"count":0,"href":"https:\/\/terciolegal.com\/index.php?rest_route=\/wp\/v2\/pages\/289\/revisions"}],"wp:attachment":[{"href":"https:\/\/terciolegal.com\/index.php?rest_route=%2Fwp%2Fv2%2Fmedia&parent=289"}],"curies":[{"name":"wp","href":"https:\/\/api.w.org\/{rel}","templated":true}]}}