{"id":72,"date":"2026-03-09T16:27:50","date_gmt":"2026-03-09T16:27:50","guid":{"rendered":"https:\/\/terciolegal.com\/?page_id=72"},"modified":"2026-03-11T12:03:59","modified_gmt":"2026-03-11T12:03:59","slug":"contacto","status":"publish","type":"page","link":"https:\/\/terciolegal.com\/?page_id=72","title":{"rendered":"CONTACTO"},"content":{"rendered":"\t\t<div data-elementor-type=\"wp-page\" data-elementor-id=\"72\" class=\"elementor elementor-72\">\n\t\t\t\t\t\t<section class=\"elementor-section elementor-top-section elementor-element elementor-element-0658e24 elementor-section-boxed elementor-section-height-default elementor-section-height-default\" data-id=\"0658e24\" data-element_type=\"section\" data-e-type=\"section\">\n\t\t\t\t\t\t<div class=\"elementor-container elementor-column-gap-default\">\n\t\t\t\t\t<div class=\"elementor-column elementor-col-100 elementor-top-column elementor-element elementor-element-3489a81\" data-id=\"3489a81\" data-element_type=\"column\" data-e-type=\"column\">\n\t\t\t<div class=\"elementor-widget-wrap elementor-element-populated\">\n\t\t\t\t\t\t<div class=\"elementor-element elementor-element-27e67aa elementor-widget elementor-widget-heading\" data-id=\"27e67aa\" data-element_type=\"widget\" data-e-type=\"widget\" data-widget_type=\"heading.default\">\n\t\t\t\t<div class=\"elementor-widget-container\">\n\t\t\t\t\t<h2 class=\"elementor-heading-title elementor-size-default\">Contacta con nosotros<\/h2>\t\t\t\t<\/div>\n\t\t\t\t<\/div>\n\t\t\t\t\t<\/div>\n\t\t<\/div>\n\t\t\t\t\t<\/div>\n\t\t<\/section>\n\t\t\t\t<section class=\"elementor-section elementor-top-section elementor-element elementor-element-2ba123c elementor-section-boxed elementor-section-height-default elementor-section-height-default\" data-id=\"2ba123c\" data-element_type=\"section\" data-e-type=\"section\">\n\t\t\t\t\t\t<div class=\"elementor-container elementor-column-gap-default\">\n\t\t\t\t\t<div class=\"elementor-column elementor-col-100 elementor-top-column elementor-element elementor-element-4960198\" data-id=\"4960198\" data-element_type=\"column\" data-e-type=\"column\">\n\t\t\t<div class=\"elementor-widget-wrap elementor-element-populated\">\n\t\t\t\t\t\t<div class=\"elementor-element elementor-element-56af560 elementor-widget elementor-widget-text-editor\" data-id=\"56af560\" data-element_type=\"widget\" data-e-type=\"widget\" data-widget_type=\"text-editor.default\">\n\t\t\t\t<div class=\"elementor-widget-container\">\n\t\t\t\t\t\t\t\t\t<p><span class=\"\">En\u00a0<\/span><strong>Tercio Legal<\/strong><span class=\"\">\u00a0ponemos a tu disposici\u00f3n diferentes v\u00edas de comunicaci\u00f3n para que puedas contactar con nosotros de forma r\u00e1pida y sencilla. Nuestro despacho en Madrid est\u00e1 abierto para atenderte de manera personalizada y ofrecerte el asesoramiento legal y empresarial que necesitas.<\/span><\/p><p><span class=\"\">Tanto si necesitas la defensa de un abogado especializado como un servicio de asesor\u00eda para tu empresa, en\u00a0<\/span><strong>Tercio Legal<\/strong><span class=\"\">\u00a0encontrar\u00e1s un equipo profesional dispuesto a ayudarte.<\/span><\/p>\t\t\t\t\t\t\t\t<\/div>\n\t\t\t\t<\/div>\n\t\t\t\t\t<\/div>\n\t\t<\/div>\n\t\t\t\t\t<\/div>\n\t\t<\/section>\n\t\t\t\t<section class=\"elementor-section elementor-top-section elementor-element elementor-element-abdf9f6 elementor-section-boxed elementor-section-height-default elementor-section-height-default\" data-id=\"abdf9f6\" data-element_type=\"section\" data-e-type=\"section\">\n\t\t\t\t\t\t<div class=\"elementor-container elementor-column-gap-default\">\n\t\t\t\t\t<div class=\"elementor-column elementor-col-33 elementor-top-column elementor-element elementor-element-c5ffd79\" data-id=\"c5ffd79\" data-element_type=\"column\" data-e-type=\"column\">\n\t\t\t<div class=\"elementor-widget-wrap elementor-element-populated\">\n\t\t\t\t\t\t<div class=\"elementor-element elementor-element-d4cbb96 elementor-widget elementor-widget-text-editor\" data-id=\"d4cbb96\" data-element_type=\"widget\" data-e-type=\"widget\" data-widget_type=\"text-editor.default\">\n\t\t\t\t<div class=\"elementor-widget-container\">\n\t\t\t\t\t\t\t\t\t<div id=\"b1695671\" class=\"flex-element group\" data-auto=\"flex-element-group\"><div id=\"e7943cb8\" class=\"flex-element group\" data-auto=\"flex-element-group\"><div id=\"4ee33b4e\" class=\"flex-element widget-wrapper\" data-auto=\"flex-element-widget-wrapper\" data-widget-type=\"paragraph\" data-external-id=\"1642401584\"><div id=\"1642401584\" class=\"dmNewParagraph\" data-element-type=\"paragraph\" data-version=\"5\"><h6><span style=\"color: #7d0500;\">Tel\u00e9fono\u00a0 :<\/span><\/h6><h6><a style=\"font-size: 16px;\" href=\"tel:+34 912 91 83 27\" target=\"_blank\" rel=\"noopener\" type=\"call\"><span class=\"inline-data-binding\" data-encoded-value=\"KzM0IDkxMiA5MSA4MyAyNw==\" data-inline-binding=\"content_library.global.phone.fijo\" data-inline-binding-encoded=\"Y29udGVudF9saWJyYXJ5Lmdsb2JhbC5waG9uZS5maWpv\">+34 912 91 83 27<\/span><\/a><\/h6><\/div><\/div><\/div><\/div><div id=\"889a6b64\" class=\"flex-element group\" data-auto=\"flex-element-group\"><div id=\"d0287813\" class=\"flex-element widget-wrapper\" data-auto=\"flex-element-widget-wrapper\" data-keep-proportion=\"true\" data-widget-type=\"graphic\" data-external-id=\"1686323708\"><div id=\"1686323708\" class=\"graphicWidget graphicWidgetV2 graphicWidgetV3 u_1686323708\" data-element-type=\"graphic\" data-widget-type=\"graphic\" data-layout=\"graphic-style-2\"><strong><span style=\"color: #7d0500;\">Email :\u00a0<\/span>\u00a0<\/strong> \u00a0<\/div><div data-element-type=\"graphic\" data-widget-type=\"graphic\" data-layout=\"graphic-style-2\">\u00a0<\/div><div class=\"graphicWidget graphicWidgetV2 graphicWidgetV3 u_1686323708\" data-element-type=\"graphic\" data-widget-type=\"graphic\" data-layout=\"graphic-style-2\"><a href=\"mailto:javier@fundacionorient.org\" target=\"_blank\" rel=\"noopener\" type=\"email\"><span class=\"inline-data-binding\" data-encoded-value=\"amF2aWVyQGZ1bmRhY2lvbm9yaWVudC5vcmc=\" data-inline-binding=\"content_library.global.email.email\" data-inline-binding-encoded=\"Y29udGVudF9saWJyYXJ5Lmdsb2JhbC5lbWFpbC5lbWFpbA==\">info@terciolegal.com<\/span><\/a><\/div><\/div><\/div><div id=\"3df1eb5d\" class=\"flex-element group\" data-auto=\"flex-element-group\"><div id=\"981c2e10\" class=\"flex-element widget-wrapper\" data-auto=\"flex-element-widget-wrapper\" data-keep-proportion=\"true\" data-widget-type=\"graphic\" data-external-id=\"1424944046\"><div id=\"1424944046\" class=\"graphicWidget graphicWidgetV2 graphicWidgetV3 u_1424944046\" data-element-type=\"graphic\" data-widget-type=\"graphic\" data-layout=\"graphic-style-2\">\u00a0<\/div><\/div><div id=\"eece00e8\" class=\"flex-element group\" data-auto=\"flex-element-group\"><div id=\"41f6fbab\" class=\"flex-element widget-wrapper\" data-auto=\"flex-element-widget-wrapper\" data-widget-type=\"paragraph\" data-external-id=\"1783806300\"><div id=\"1783806300\" class=\"dmNewParagraph\" data-element-type=\"paragraph\" data-version=\"5\"><h6><span style=\"color: #7d0500;\">Direcci\u00f3n :<\/span><\/h6><\/div><\/div><div id=\"c00f5782\" class=\"flex-element widget-wrapper\" data-auto=\"flex-element-widget-wrapper\" data-widget-type=\"paragraph\" data-external-id=\"1318156380\"><div id=\"1318156380\" class=\"dmNewParagraph\" data-element-type=\"paragraph\" data-version=\"5\" data-diy-text=\"\"><p class=\"text-align-left m-text-align-left t-text-align-left\"><span class=\"inline-data-binding\" data-encoded-value=\"Q2FsbGUgR3JhbiB2w61hIDc4IDYgZGVyZWNoYSwgTWFkcmlkLCBNQURSSUQgMjgwMTMsIEVTUEHDkUE=\" data-inline-binding=\"content_library.global\" data-inline-binding-encoded=\"Y29udGVudF9saWJyYXJ5Lmdsb2JhbA==\">Calle Gran v\u00eda 78 6 derecha, Madrid, MADRID 28013, ESPA\u00d1A<\/span><\/p><\/div><\/div><\/div><\/div>\t\t\t\t\t\t\t\t<\/div>\n\t\t\t\t<\/div>\n\t\t\t\t\t<\/div>\n\t\t<\/div>\n\t\t\t\t<div class=\"elementor-column elementor-col-66 elementor-top-column elementor-element elementor-element-1858a5a\" data-id=\"1858a5a\" data-element_type=\"column\" data-e-type=\"column\">\n\t\t\t<div class=\"elementor-widget-wrap elementor-element-populated\">\n\t\t\t\t\t\t<div class=\"elementor-element elementor-element-c162c5b elementor-widget elementor-widget-google_maps\" data-id=\"c162c5b\" data-element_type=\"widget\" data-e-type=\"widget\" data-widget_type=\"google_maps.default\">\n\t\t\t\t<div class=\"elementor-widget-container\">\n\t\t\t\t\t\t\t<div class=\"elementor-custom-embed\">\n\t\t\t<iframe loading=\"lazy\"\n\t\t\t\t\tsrc=\"https:\/\/maps.google.com\/maps?q=gran%20via%2078%20Madrid%20&#038;t=m&#038;z=10&#038;output=embed&#038;iwloc=near\"\n\t\t\t\t\ttitle=\"gran via 78 Madrid \"\n\t\t\t\t\taria-label=\"gran via 78 Madrid \"\n\t\t\t><\/iframe>\n\t\t<\/div>\n\t\t\t\t\t\t<\/div>\n\t\t\t\t<\/div>\n\t\t\t\t\t<\/div>\n\t\t<\/div>\n\t\t\t\t\t<\/div>\n\t\t<\/section>\n\t\t\t\t<section class=\"elementor-section elementor-top-section elementor-element elementor-element-d0ec7bb elementor-section-boxed elementor-section-height-default elementor-section-height-default\" data-id=\"d0ec7bb\" data-element_type=\"section\" data-e-type=\"section\">\n\t\t\t\t\t\t<div class=\"elementor-container elementor-column-gap-default\">\n\t\t\t\t\t<div class=\"elementor-column elementor-col-100 elementor-top-column elementor-element elementor-element-eae67a5\" data-id=\"eae67a5\" data-element_type=\"column\" data-e-type=\"column\">\n\t\t\t<div class=\"elementor-widget-wrap elementor-element-populated\">\n\t\t\t\t\t\t<div class=\"elementor-element elementor-element-95e5e3a elementor-widget elementor-widget-heading\" data-id=\"95e5e3a\" data-element_type=\"widget\" data-e-type=\"widget\" data-widget_type=\"heading.default\">\n\t\t\t\t<div class=\"elementor-widget-container\">\n\t\t\t\t\t<h3 class=\"elementor-heading-title elementor-size-default\">FORMULARIO<\/h3>\t\t\t\t<\/div>\n\t\t\t\t<\/div>\n\t\t\t\t\t<\/div>\n\t\t<\/div>\n\t\t\t\t\t<\/div>\n\t\t<\/section>\n\t\t\t\t<section class=\"elementor-section elementor-top-section elementor-element elementor-element-d6e8c0d elementor-section-boxed elementor-section-height-default elementor-section-height-default\" data-id=\"d6e8c0d\" data-element_type=\"section\" data-e-type=\"section\">\n\t\t\t\t\t\t<div class=\"elementor-container elementor-column-gap-default\">\n\t\t\t\t\t<div class=\"elementor-column elementor-col-100 elementor-top-column elementor-element elementor-element-53cf19b elementor-invisible\" data-id=\"53cf19b\" data-element_type=\"column\" data-e-type=\"column\" data-settings=\"{&quot;animation&quot;:&quot;fadeInDown&quot;}\">\n\t\t\t<div class=\"elementor-widget-wrap elementor-element-populated\">\n\t\t\t\t\t\t<div class=\"elementor-element elementor-element-ea6788c elementor-widget__width-initial elementor-widget elementor-widget-shortcode\" data-id=\"ea6788c\" data-element_type=\"widget\" data-e-type=\"widget\" data-widget_type=\"shortcode.default\">\n\t\t\t\t<div class=\"elementor-widget-container\">\n\t\t\t\t\t\t\t<div class=\"elementor-shortcode\">\n<div class=\"wpcf7 no-js\" id=\"wpcf7-f822-o1\" lang=\"es-ES\" dir=\"ltr\" data-wpcf7-id=\"822\">\n<div class=\"screen-reader-response\"><p role=\"status\" aria-live=\"polite\" aria-atomic=\"true\"><\/p> <ul><\/ul><\/div>\n<form action=\"\/index.php?rest_route=%2Fwp%2Fv2%2Fpages%2F72#wpcf7-f822-o1\" method=\"post\" class=\"wpcf7-form init\" aria-label=\"Formulario de contacto\" novalidate=\"novalidate\" data-status=\"init\">\n<fieldset class=\"hidden-fields-container\"><input type=\"hidden\" name=\"_wpcf7\" value=\"822\" \/><input type=\"hidden\" name=\"_wpcf7_version\" value=\"6.1.5\" \/><input type=\"hidden\" name=\"_wpcf7_locale\" value=\"es_ES\" \/><input type=\"hidden\" name=\"_wpcf7_unit_tag\" value=\"wpcf7-f822-o1\" \/><input type=\"hidden\" name=\"_wpcf7_container_post\" value=\"0\" \/><input type=\"hidden\" name=\"_wpcf7_posted_data_hash\" value=\"\" \/>\n<\/fieldset>\n<p><label> Tu nombre<br \/>\n<span class=\"wpcf7-form-control-wrap\" data-name=\"your-name\"><input size=\"40\" maxlength=\"400\" class=\"wpcf7-form-control wpcf7-text wpcf7-validates-as-required\" autocomplete=\"name\" aria-required=\"true\" aria-invalid=\"false\" value=\"\" type=\"text\" name=\"your-name\" \/><\/span> <\/label>\n<\/p>\n<p><label> Tu correo electr\u00f3nico<br \/>\n<span class=\"wpcf7-form-control-wrap\" data-name=\"your-email\"><input size=\"40\" maxlength=\"400\" class=\"wpcf7-form-control wpcf7-email wpcf7-validates-as-required wpcf7-text wpcf7-validates-as-email\" autocomplete=\"email\" aria-required=\"true\" aria-invalid=\"false\" value=\"\" type=\"email\" name=\"your-email\" \/><\/span> <\/label>\n<\/p>\n<p><label> Asunto<br \/>\n<span class=\"wpcf7-form-control-wrap\" data-name=\"your-subject\"><input size=\"40\" maxlength=\"400\" class=\"wpcf7-form-control wpcf7-text wpcf7-validates-as-required\" aria-required=\"true\" aria-invalid=\"false\" value=\"\" type=\"text\" name=\"your-subject\" \/><\/span> <\/label>\n<\/p>\n<p><label> Tu mensaje (opcional)<br \/>\n<span class=\"wpcf7-form-control-wrap\" data-name=\"your-message\"><textarea cols=\"40\" rows=\"10\" maxlength=\"2000\" class=\"wpcf7-form-control wpcf7-textarea\" aria-invalid=\"false\" name=\"your-message\"><\/textarea><\/span> <\/label>\n<\/p>\n<p><input class=\"wpcf7-form-control wpcf7-submit has-spinner\" type=\"submit\" value=\"Enviar\" \/>\n<\/p><p style=\"display: none !important;\" class=\"akismet-fields-container\" data-prefix=\"_wpcf7_ak_\"><label>&#916;<textarea name=\"_wpcf7_ak_hp_textarea\" cols=\"45\" rows=\"8\" maxlength=\"100\"><\/textarea><\/label><input type=\"hidden\" id=\"ak_js_1\" name=\"_wpcf7_ak_js\" value=\"128\"\/><script type=\"text\/javascript\">\n\/* <![CDATA[ *\/\ndocument.getElementById( \"ak_js_1\" ).setAttribute( \"value\", ( new Date() ).getTime() );\n\/* ]]> *\/\n<\/script>\n<\/p><div class=\"wpcf7-response-output\" aria-hidden=\"true\"><\/div>\n<\/form>\n<\/div>\n<\/div>\n\t\t\t\t\t\t<\/div>\n\t\t\t\t<\/div>\n\t\t\t\t\t<\/div>\n\t\t<\/div>\n\t\t\t\t\t<\/div>\n\t\t<\/section>\n\t\t\t\t<section class=\"elementor-section elementor-top-section elementor-element elementor-element-75a195c elementor-section-boxed elementor-section-height-default elementor-section-height-default\" data-id=\"75a195c\" data-element_type=\"section\" data-e-type=\"section\">\n\t\t\t\t\t\t<div class=\"elementor-container elementor-column-gap-default\">\n\t\t\t\t\t<div class=\"elementor-column elementor-col-100 elementor-top-column elementor-element elementor-element-c1c156a\" data-id=\"c1c156a\" data-element_type=\"column\" data-e-type=\"column\">\n\t\t\t<div class=\"elementor-widget-wrap elementor-element-populated\">\n\t\t\t\t\t\t<div class=\"elementor-element elementor-element-a088189 elementor-widget elementor-widget-image\" data-id=\"a088189\" data-element_type=\"widget\" data-e-type=\"widget\" data-widget_type=\"image.default\">\n\t\t\t\t<div class=\"elementor-widget-container\">\n\t\t\t\t\t\t\t\t\t\t\t\t\t\t\t<img fetchpriority=\"high\" decoding=\"async\" width=\"1024\" height=\"176\" src=\"https:\/\/terciolegal.com\/wp-content\/uploads\/2026\/03\/Direccion-1024x176.png\" class=\"attachment-large size-large wp-image-679\" alt=\"\" srcset=\"https:\/\/terciolegal.com\/wp-content\/uploads\/2026\/03\/Direccion-1024x176.png 1024w, https:\/\/terciolegal.com\/wp-content\/uploads\/2026\/03\/Direccion-300x52.png 300w, https:\/\/terciolegal.com\/wp-content\/uploads\/2026\/03\/Direccion-768x132.png 768w, https:\/\/terciolegal.com\/wp-content\/uploads\/2026\/03\/Direccion.png 1333w\" sizes=\"(max-width: 1024px) 100vw, 1024px\" \/>\t\t\t\t\t\t\t\t\t\t\t\t\t\t\t<\/div>\n\t\t\t\t<\/div>\n\t\t\t\t\t<\/div>\n\t\t<\/div>\n\t\t\t\t\t<\/div>\n\t\t<\/section>\n\t\t\t\t<\/div>\n\t\t","protected":false},"excerpt":{"rendered":"<p>Contacta con nosotros En\u00a0Tercio Legal\u00a0ponemos a tu disposici\u00f3n diferentes v\u00edas de comunicaci\u00f3n para que puedas contactar con nosotros de forma r\u00e1pida y sencilla. Nuestro despacho en Madrid est\u00e1 abierto para atenderte de manera personalizada y ofrecerte el asesoramiento legal y empresarial que necesitas. Tanto si necesitas la defensa de un abogado especializado como un servicio [&hellip;]<\/p>\n","protected":false},"author":1,"featured_media":0,"parent":0,"menu_order":0,"comment_status":"closed","ping_status":"closed","template":"","meta":{"footnotes":""},"class_list":["post-72","page","type-page","status-publish","hentry"],"_links":{"self":[{"href":"https:\/\/terciolegal.com\/index.php?rest_route=\/wp\/v2\/pages\/72","targetHints":{"allow":["GET"]}}],"collection":[{"href":"https:\/\/terciolegal.com\/index.php?rest_route=\/wp\/v2\/pages"}],"about":[{"href":"https:\/\/terciolegal.com\/index.php?rest_route=\/wp\/v2\/types\/page"}],"author":[{"embeddable":true,"href":"https:\/\/terciolegal.com\/index.php?rest_route=\/wp\/v2\/users\/1"}],"replies":[{"embeddable":true,"href":"https:\/\/terciolegal.com\/index.php?rest_route=%2Fwp%2Fv2%2Fcomments&post=72"}],"version-history":[{"count":0,"href":"https:\/\/terciolegal.com\/index.php?rest_route=\/wp\/v2\/pages\/72\/revisions"}],"wp:attachment":[{"href":"https:\/\/terciolegal.com\/index.php?rest_route=%2Fwp%2Fv2%2Fmedia&parent=72"}],"curies":[{"name":"wp","href":"https:\/\/api.w.org\/{rel}","templated":true}]}}