{"id":736,"date":"2026-03-10T11:58:27","date_gmt":"2026-03-10T11:58:27","guid":{"rendered":"https:\/\/terciolegal.com\/?page_id=736"},"modified":"2026-03-10T12:01:36","modified_gmt":"2026-03-10T12:01:36","slug":"civil","status":"publish","type":"page","link":"https:\/\/terciolegal.com\/?page_id=736","title":{"rendered":"CIVIL"},"content":{"rendered":"\t\t<div data-elementor-type=\"wp-page\" data-elementor-id=\"736\" class=\"elementor elementor-736\">\n\t\t\t\t\t\t<section class=\"elementor-section elementor-top-section elementor-element elementor-element-03a1f27 elementor-section-boxed elementor-section-height-default elementor-section-height-default\" data-id=\"03a1f27\" data-element_type=\"section\" data-e-type=\"section\">\n\t\t\t\t\t\t<div class=\"elementor-container elementor-column-gap-default\">\n\t\t\t\t\t<div class=\"elementor-column elementor-col-100 elementor-top-column elementor-element elementor-element-b0e6ee7\" data-id=\"b0e6ee7\" data-element_type=\"column\" data-e-type=\"column\">\n\t\t\t<div class=\"elementor-widget-wrap elementor-element-populated\">\n\t\t\t\t\t\t<div class=\"elementor-element elementor-element-e3ad87a elementor-widget elementor-widget-heading\" data-id=\"e3ad87a\" data-element_type=\"widget\" data-e-type=\"widget\" data-widget_type=\"heading.default\">\n\t\t\t\t<div class=\"elementor-widget-container\">\n\t\t\t\t\t<h2 class=\"elementor-heading-title elementor-size-default\">Abogado civil<\/h2>\t\t\t\t<\/div>\n\t\t\t\t<\/div>\n\t\t\t\t\t<\/div>\n\t\t<\/div>\n\t\t\t\t\t<\/div>\n\t\t<\/section>\n\t\t\t\t<section class=\"elementor-section elementor-top-section elementor-element elementor-element-a02bba2 elementor-section-boxed elementor-section-height-default elementor-section-height-default\" data-id=\"a02bba2\" data-element_type=\"section\" data-e-type=\"section\">\n\t\t\t\t\t\t<div class=\"elementor-container elementor-column-gap-default\">\n\t\t\t\t\t<div class=\"elementor-column elementor-col-50 elementor-top-column elementor-element elementor-element-8025567\" data-id=\"8025567\" data-element_type=\"column\" data-e-type=\"column\">\n\t\t\t<div class=\"elementor-widget-wrap elementor-element-populated\">\n\t\t\t\t\t\t<div class=\"elementor-element elementor-element-07c4091 elementor-widget elementor-widget-text-editor\" data-id=\"07c4091\" data-element_type=\"widget\" data-e-type=\"widget\" data-widget_type=\"text-editor.default\">\n\t\t\t\t<div class=\"elementor-widget-container\">\n\t\t\t\t\t\t\t\t\t<p>\u00a0<\/p><p>\u00a0<\/p><p><span class=\"\">En\u00a0<\/span><strong>Tercio Legal<\/strong><span class=\"\">\u00a0ofrecemos servicios especializados en\u00a0<\/span><strong>derecho civil<\/strong><span class=\"\">\u00a0para proteger tus derechos y garantizar que tus asuntos legales se gestionen con la m\u00e1xima profesionalidad. Nuestro equipo de abogados en Espa\u00f1a se encarga de casos relacionados con contratos, herencias, arrendamientos, propiedad y responsabilidad civil, brindando soluciones efectivas y personalizadas para cada cliente.<\/span><\/p>\t\t\t\t\t\t\t\t<\/div>\n\t\t\t\t<\/div>\n\t\t\t\t\t<\/div>\n\t\t<\/div>\n\t\t\t\t<div class=\"elementor-column elementor-col-50 elementor-top-column elementor-element elementor-element-36ef8f9\" data-id=\"36ef8f9\" data-element_type=\"column\" data-e-type=\"column\">\n\t\t\t<div class=\"elementor-widget-wrap elementor-element-populated\">\n\t\t\t\t\t\t<div class=\"elementor-element elementor-element-998321b elementor-widget elementor-widget-text-editor\" data-id=\"998321b\" data-element_type=\"widget\" data-e-type=\"widget\" data-widget_type=\"text-editor.default\">\n\t\t\t\t<div class=\"elementor-widget-container\">\n\t\t\t\t\t\t\t\t\t<h4 class=\"size-16 t-size-16 m-size-16\"><span class=\"font-size-16 t-font-size-16 m-font-size-16\">Defensa y asesoramiento en conflictos civiles<\/span><\/h4><p>Nos ocupamos de la\u00a0<strong>resoluci\u00f3n de conflictos civiles<\/strong>, ya sea mediante negociaci\u00f3n, mediaci\u00f3n o litigio. Nuestro objetivo es ofrecer un acompa\u00f1amiento cercano y seguro, asegurando que cada tr\u00e1mite se realice de forma eficiente y transparente.<\/p><h4 class=\"size-16 t-size-16 m-size-16\"><span class=\"font-size-16 t-font-size-16 m-font-size-16\">Contratos, herencias y propiedades<\/span><\/h4><p>Desde la\u00a0<strong>redacci\u00f3n y revisi\u00f3n de contratos<\/strong>\u00a0hasta la gesti\u00f3n de\u00a0<strong>herencias y asuntos de propiedad<\/strong>, nuestro despacho garantiza un servicio completo y adaptado a tus necesidades. Cada caso recibe un estudio detallado para proteger tus intereses y minimizar riesgos.<\/p>\t\t\t\t\t\t\t\t<\/div>\n\t\t\t\t<\/div>\n\t\t\t\t\t<\/div>\n\t\t<\/div>\n\t\t\t\t\t<\/div>\n\t\t<\/section>\n\t\t\t\t<section class=\"elementor-section elementor-top-section elementor-element elementor-element-e5341f8 elementor-section-boxed elementor-section-height-default elementor-section-height-default\" data-id=\"e5341f8\" data-element_type=\"section\" data-e-type=\"section\">\n\t\t\t\t\t\t<div class=\"elementor-container elementor-column-gap-default\">\n\t\t\t\t\t<div class=\"elementor-column elementor-col-100 elementor-top-column elementor-element elementor-element-f16e4ec\" data-id=\"f16e4ec\" data-element_type=\"column\" data-e-type=\"column\">\n\t\t\t<div class=\"elementor-widget-wrap elementor-element-populated\">\n\t\t\t\t\t\t<div class=\"elementor-element elementor-element-72b4e0b elementor-widget elementor-widget-image\" data-id=\"72b4e0b\" data-element_type=\"widget\" data-e-type=\"widget\" data-widget_type=\"image.default\">\n\t\t\t\t<div class=\"elementor-widget-container\">\n\t\t\t\t\t\t\t\t\t\t\t\t\t\t\t<img fetchpriority=\"high\" decoding=\"async\" width=\"1024\" height=\"176\" src=\"https:\/\/terciolegal.com\/wp-content\/uploads\/2026\/03\/Direccion-1024x176.png\" class=\"attachment-large size-large wp-image-679\" alt=\"\" srcset=\"https:\/\/terciolegal.com\/wp-content\/uploads\/2026\/03\/Direccion-1024x176.png 1024w, https:\/\/terciolegal.com\/wp-content\/uploads\/2026\/03\/Direccion-300x52.png 300w, https:\/\/terciolegal.com\/wp-content\/uploads\/2026\/03\/Direccion-768x132.png 768w, https:\/\/terciolegal.com\/wp-content\/uploads\/2026\/03\/Direccion.png 1333w\" sizes=\"(max-width: 1024px) 100vw, 1024px\" \/>\t\t\t\t\t\t\t\t\t\t\t\t\t\t\t<\/div>\n\t\t\t\t<\/div>\n\t\t\t\t\t<\/div>\n\t\t<\/div>\n\t\t\t\t\t<\/div>\n\t\t<\/section>\n\t\t\t\t<\/div>\n\t\t","protected":false},"excerpt":{"rendered":"<p>Abogado civil \u00a0 \u00a0 En\u00a0Tercio Legal\u00a0ofrecemos servicios especializados en\u00a0derecho civil\u00a0para proteger tus derechos y garantizar que tus asuntos legales se gestionen con la m\u00e1xima profesionalidad. Nuestro equipo de abogados en Espa\u00f1a se encarga de casos relacionados con contratos, herencias, arrendamientos, propiedad y responsabilidad civil, brindando soluciones efectivas y personalizadas para cada cliente. Defensa y asesoramiento [&hellip;]<\/p>\n","protected":false},"author":1,"featured_media":0,"parent":0,"menu_order":0,"comment_status":"closed","ping_status":"closed","template":"","meta":{"footnotes":""},"class_list":["post-736","page","type-page","status-publish","hentry"],"_links":{"self":[{"href":"https:\/\/terciolegal.com\/index.php?rest_route=\/wp\/v2\/pages\/736","targetHints":{"allow":["GET"]}}],"collection":[{"href":"https:\/\/terciolegal.com\/index.php?rest_route=\/wp\/v2\/pages"}],"about":[{"href":"https:\/\/terciolegal.com\/index.php?rest_route=\/wp\/v2\/types\/page"}],"author":[{"embeddable":true,"href":"https:\/\/terciolegal.com\/index.php?rest_route=\/wp\/v2\/users\/1"}],"replies":[{"embeddable":true,"href":"https:\/\/terciolegal.com\/index.php?rest_route=%2Fwp%2Fv2%2Fcomments&post=736"}],"version-history":[{"count":0,"href":"https:\/\/terciolegal.com\/index.php?rest_route=\/wp\/v2\/pages\/736\/revisions"}],"wp:attachment":[{"href":"https:\/\/terciolegal.com\/index.php?rest_route=%2Fwp%2Fv2%2Fmedia&parent=736"}],"curies":[{"name":"wp","href":"https:\/\/api.w.org\/{rel}","templated":true}]}}